{"id":122,"date":"2024-10-24T13:17:25","date_gmt":"2024-10-24T13:17:25","guid":{"rendered":"https:\/\/filipe.igr05.pt\/?page_id=122"},"modified":"2024-10-30T11:35:48","modified_gmt":"2024-10-30T11:35:48","slug":"formacao-academica","status":"publish","type":"page","link":"https:\/\/filipe.igr05.pt\/index.php\/formacao-academica\/","title":{"rendered":"Forma\u00e7\u00e3o Acad\u00e9mica"},"content":{"rendered":"\t\t<div data-elementor-type=\"wp-page\" data-elementor-id=\"122\" class=\"elementor elementor-122\" data-elementor-post-type=\"page\">\n\t\t\t\t<div class=\"elementor-element elementor-element-8595878 e-flex e-con-boxed e-con e-parent\" data-id=\"8595878\" data-element_type=\"container\" data-settings=\"{&quot;background_background&quot;:&quot;slideshow&quot;,&quot;background_slideshow_gallery&quot;:[{&quot;id&quot;:234,&quot;url&quot;:&quot;http:\\\/\\\/filipe.igr05.pt\\\/wp-content\\\/uploads\\\/2024\\\/10\\\/1289176-scaled.jpg&quot;},{&quot;id&quot;:235,&quot;url&quot;:&quot;http:\\\/\\\/filipe.igr05.pt\\\/wp-content\\\/uploads\\\/2024\\\/10\\\/sunset-in-the-burren-ireland-pierre-leclerc-photography.jpg&quot;},{&quot;id&quot;:236,&quot;url&quot;:&quot;http:\\\/\\\/filipe.igr05.pt\\\/wp-content\\\/uploads\\\/2024\\\/10\\\/hawaii-puesta-de-sol_2560x1440_3319.jpg&quot;}],&quot;background_slideshow_slide_transition&quot;:&quot;slide_up&quot;,&quot;background_slideshow_lazyload&quot;:&quot;yes&quot;,&quot;background_slideshow_ken_burns&quot;:&quot;yes&quot;,&quot;background_slideshow_loop&quot;:&quot;yes&quot;,&quot;background_slideshow_slide_duration&quot;:5000,&quot;background_slideshow_transition_duration&quot;:500,&quot;background_slideshow_ken_burns_zoom_direction&quot;:&quot;in&quot;}\">\n\t\t\t\t\t<div class=\"e-con-inner\">\n\t\t\t\t<div class=\"elementor-element elementor-element-42039ff elementor-widget__width-initial elementor-nav-menu__text-align-aside elementor-nav-menu--toggle elementor-nav-menu--burger elementor-widget elementor-widget-nav-menu\" data-id=\"42039ff\" data-element_type=\"widget\" data-settings=\"{&quot;layout&quot;:&quot;dropdown&quot;,&quot;submenu_icon&quot;:{&quot;value&quot;:&quot;&lt;svg class=\\&quot;e-font-icon-svg e-fas-caret-down\\&quot; viewBox=\\&quot;0 0 320 512\\&quot; xmlns=\\&quot;http:\\\/\\\/www.w3.org\\\/2000\\\/svg\\&quot;&gt;&lt;path d=\\&quot;M31.3 192h257.3c17.8 0 26.7 21.5 14.1 34.1L174.1 354.8c-7.8 7.8-20.5 7.8-28.3 0L17.2 226.1C4.6 213.5 13.5 192 31.3 192z\\&quot;&gt;&lt;\\\/path&gt;&lt;\\\/svg&gt;&quot;,&quot;library&quot;:&quot;fa-solid&quot;},&quot;toggle&quot;:&quot;burger&quot;}\" data-widget_type=\"nav-menu.default\">\n\t\t\t\t<div class=\"elementor-widget-container\">\n\t\t\t\t\t<div class=\"elementor-menu-toggle\" role=\"button\" tabindex=\"0\" aria-label=\"Menu Toggle\" aria-expanded=\"false\">\n\t\t\t<svg aria-hidden=\"true\" role=\"presentation\" class=\"elementor-menu-toggle__icon--open e-font-icon-svg e-eicon-menu-bar\" viewBox=\"0 0 1000 1000\" xmlns=\"http:\/\/www.w3.org\/2000\/svg\"><path d=\"M104 333H896C929 333 958 304 958 271S929 208 896 208H104C71 208 42 237 42 271S71 333 104 333ZM104 583H896C929 583 958 554 958 521S929 458 896 458H104C71 458 42 487 42 521S71 583 104 583ZM104 833H896C929 833 958 804 958 771S929 708 896 708H104C71 708 42 737 42 771S71 833 104 833Z\"><\/path><\/svg><svg aria-hidden=\"true\" role=\"presentation\" class=\"elementor-menu-toggle__icon--close e-font-icon-svg e-eicon-close\" viewBox=\"0 0 1000 1000\" xmlns=\"http:\/\/www.w3.org\/2000\/svg\"><path d=\"M742 167L500 408 258 167C246 154 233 150 217 150 196 150 179 158 167 167 154 179 150 196 150 212 150 229 154 242 171 254L408 500 167 742C138 771 138 800 167 829 196 858 225 858 254 829L496 587 738 829C750 842 767 846 783 846 800 846 817 842 829 829 842 817 846 804 846 783 846 767 842 750 829 737L588 500 833 258C863 229 863 200 833 171 804 137 775 137 742 167Z\"><\/path><\/svg>\t\t\t<span class=\"elementor-screen-only\">Menu<\/span>\n\t\t<\/div>\n\t\t\t\t\t<nav class=\"elementor-nav-menu--dropdown elementor-nav-menu__container\" aria-hidden=\"true\">\n\t\t\t\t<ul id=\"menu-2-42039ff\" class=\"elementor-nav-menu\"><li class=\"menu-item menu-item-type-post_type menu-item-object-page menu-item-116\"><a href=\"https:\/\/filipe.igr05.pt\/index.php\/informacoes-pessoais\/\" class=\"elementor-item\" tabindex=\"-1\">Informa\u00e7\u00f5es pessoais<\/a><\/li>\n<li class=\"menu-item menu-item-type-post_type menu-item-object-page menu-item-124\"><a href=\"https:\/\/filipe.igr05.pt\/index.php\/emprego-pretendido\/\" class=\"elementor-item\" tabindex=\"-1\">Emprego pretendido<\/a><\/li>\n<li class=\"menu-item menu-item-type-post_type menu-item-object-page menu-item-131\"><a href=\"https:\/\/filipe.igr05.pt\/index.php\/formacao-academica\/\" class=\"elementor-item\" tabindex=\"-1\">Forma\u00e7\u00e3o Acad\u00e9mica<\/a><\/li>\n<li class=\"menu-item menu-item-type-post_type menu-item-object-page menu-item-479\"><a href=\"https:\/\/filipe.igr05.pt\/index.php\/elementor-pagina-446\/\" class=\"elementor-item\" tabindex=\"-1\">Profici\u00eancia Linguistica<\/a><\/li>\n<li class=\"menu-item menu-item-type-post_type menu-item-object-page menu-item-568\"><a href=\"https:\/\/filipe.igr05.pt\/index.php\/contactos\/\" class=\"elementor-item\" tabindex=\"-1\">Contactos<\/a><\/li>\n<\/ul>\t\t\t<\/nav>\n\t\t\t\t<\/div>\n\t\t\t\t<\/div>\n\t\t\t\t<div class=\"elementor-element elementor-element-8c0bf8f elementor-widget elementor-widget-heading\" data-id=\"8c0bf8f\" data-element_type=\"widget\" data-widget_type=\"heading.default\">\n\t\t\t\t<div class=\"elementor-widget-container\">\n\t\t\t<h2 class=\"elementor-heading-title elementor-size-default\">Forma\u00e7\u00e3o acad\u00e9mica<\/h2>\t\t<\/div>\n\t\t\t\t<\/div>\n\t\t\t\t<div class=\"elementor-element elementor-element-ee0861c elementor-widget elementor-widget-text-editor\" data-id=\"ee0861c\" data-element_type=\"widget\" data-widget_type=\"text-editor.default\">\n\t\t\t\t<div class=\"elementor-widget-container\">\n\t\t\t\t\t\t\t<p><!-- wp:paragraph {\"backgroundColor\":\"base\",\"fontSize\":\"medium\"} --><\/p>\n<ul class=\"wp-block-list\">\n<li style=\"list-style-type: none;\">Sou um estudante apaixonado pela \u00e1rea de multim\u00e9dia, atualmente cursando T\u00e9cnico de Multim\u00e9dia no IEFP. Minha trajet\u00f3ria inclui experi\u00eancias em T\u00e9cnico de Cozinha e T\u00e9cnico de Com\u00e9rcio, onde aprendi sobre dedica\u00e7\u00e3o, resili\u00eancia e a import\u00e2ncia do aprendizado cont\u00ednuo. Estou entusiasmado em explorar design gr\u00e1fico, produ\u00e7\u00e3o de v\u00eddeo e edi\u00e7\u00e3o, buscando unir criatividade e habilidades t\u00e9cnicas para uma carreira gratificante.<\/li>\n<\/ul>\n<p><!-- \/wp:list-item --><\/p>\n<p><!-- \/wp:list --><\/p>\n<p><!-- wp:paragraph --><\/p>\n<p><!-- \/wp:paragraph --><\/p>\t\t\t\t\t\t<\/div>\n\t\t\t\t<\/div>\n\t\t\t\t\t<\/div>\n\t\t\t\t<\/div>\n\t\t\t\t<\/div>\n\t\t","protected":false},"excerpt":{"rendered":"<p>Forma\u00e7\u00e3o acad\u00e9mica Sou um estudante apaixonado pela \u00e1rea de multim\u00e9dia, atualmente cursando T\u00e9cnico de Multim\u00e9dia no IEFP. Minha trajet\u00f3ria inclui experi\u00eancias em T\u00e9cnico de Cozinha e T\u00e9cnico de Com\u00e9rcio, onde aprendi sobre dedica\u00e7\u00e3o, resili\u00eancia e a import\u00e2ncia do aprendizado cont\u00ednuo. Estou entusiasmado em explorar design gr\u00e1fico, produ\u00e7\u00e3o de v\u00eddeo e edi\u00e7\u00e3o, buscando unir criatividade e [&hellip;]<\/p>\n","protected":false},"author":1,"featured_media":0,"parent":0,"menu_order":0,"comment_status":"closed","ping_status":"closed","template":"","meta":{"_eb_attr":"","footnotes":""},"class_list":["post-122","page","type-page","status-publish","hentry"],"_links":{"self":[{"href":"https:\/\/filipe.igr05.pt\/index.php\/wp-json\/wp\/v2\/pages\/122"}],"collection":[{"href":"https:\/\/filipe.igr05.pt\/index.php\/wp-json\/wp\/v2\/pages"}],"about":[{"href":"https:\/\/filipe.igr05.pt\/index.php\/wp-json\/wp\/v2\/types\/page"}],"author":[{"embeddable":true,"href":"https:\/\/filipe.igr05.pt\/index.php\/wp-json\/wp\/v2\/users\/1"}],"replies":[{"embeddable":true,"href":"https:\/\/filipe.igr05.pt\/index.php\/wp-json\/wp\/v2\/comments?post=122"}],"version-history":[{"count":21,"href":"https:\/\/filipe.igr05.pt\/index.php\/wp-json\/wp\/v2\/pages\/122\/revisions"}],"predecessor-version":[{"id":571,"href":"https:\/\/filipe.igr05.pt\/index.php\/wp-json\/wp\/v2\/pages\/122\/revisions\/571"}],"wp:attachment":[{"href":"https:\/\/filipe.igr05.pt\/index.php\/wp-json\/wp\/v2\/media?parent=122"}],"curies":[{"name":"wp","href":"https:\/\/api.w.org\/{rel}","templated":true}]}}